{"id":108,"date":"2024-07-24T17:05:07","date_gmt":"2024-07-24T15:05:07","guid":{"rendered":"https:\/\/www.urytierov.sk\/?page_id=108"},"modified":"2026-04-26T08:58:54","modified_gmt":"2026-04-26T06:58:54","slug":"menu","status":"publish","type":"page","link":"https:\/\/www.urytierov.sk\/?page_id=108","title":{"rendered":"Denn\u00e9 menu"},"content":{"rendered":"<p>[et_pb_section fb_built=&#8220;1&#8243; _builder_version=&#8220;4.27.0&#8243; _module_preset=&#8220;default&#8220; custom_margin=&#8220;||-130px|||&#8220; global_colors_info=&#8220;{}&#8220;][et_pb_row _builder_version=&#8220;4.27.0&#8243; _module_preset=&#8220;default&#8220; min_height=&#8220;144.4px&#8220; custom_padding=&#8220;||6px|||&#8220; global_colors_info=&#8220;{}&#8220;][et_pb_column type=&#8220;4_4&#8243; _builder_version=&#8220;4.27.0&#8243; _module_preset=&#8220;default&#8220; global_colors_info=&#8220;{}&#8220;][et_pb_text _builder_version=&#8220;4.27.0&#8243; _module_preset=&#8220;default&#8220; global_colors_info=&#8220;{}&#8220;]<\/p>\n<h4 style=\"text-align: center;\">Objedn\u00e1vky na rozvoz na tel. 0903 022 933<\/h4>\n<h4 style=\"text-align: center;\"><strong>RE\u0160TAUR\u00c1CIA U RYTIEROV<\/strong><\/h4>\n<p>[\/et_pb_text][\/et_pb_column][\/et_pb_row][et_pb_row _builder_version=&#8220;4.27.0&#8243; _module_preset=&#8220;default&#8220; width=&#8220;100%&#8220; custom_margin=&#8220;|auto||33px||&#8220; custom_padding=&#8220;1px|||||&#8220; global_colors_info=&#8220;{}&#8220;][et_pb_column type=&#8220;4_4&#8243; _builder_version=&#8220;4.27.0&#8243; _module_preset=&#8220;default&#8220; global_colors_info=&#8220;{}&#8220;][et_pb_text _builder_version=&#8220;4.27.0&#8243; _module_preset=&#8220;default&#8220; width=&#8220;100%&#8220; custom_padding=&#8220;111px|||0px||&#8220; hover_enabled=&#8220;0&#8243; global_colors_info=&#8220;{}&#8220; sticky_enabled=&#8220;0&#8243;]<\/p>\n<p><strong><u>\u00a027.04.2026- Pondelok<\/u><\/strong><\/p>\n<p>A:0,33l\u00a0 Slepa\u010d\u00ed v\u00fdvar s rezancami\u00a0\u00a0\u00a0\u00a0\u00a0\u00a0\u00a0\u00a0\u00a0\u00a0\u00a0\u00a0\u00a0\u00a0\u00a0\u00a0\u00a0\u00a0\u00a0\u00a0\u00a0\u00a0\u00a0\u00a0\u00a0\u00a0\u00a0\u00a0\u00a0\u00a0\u00a0\u00a0\u00a0\u00a0\u00a0\u00a0\u00a0\u00a0\u00a0\u00a0\u00a0\u00a0\u00a0\u00a0\u00a0\u00a0\u00a0\u00a0\u00a0\u00a0\u00a0\u00a0\u00a0\u00a0\u00a0\u00a0\u00a0\u00a0\u00a0\u00a0\u00a0\u00a0\u00a0\u00a0\u00a0\u00a0\u00a0\u00a0\u00a0\u00a0\u00a0\u00a0\u00a0\u00a0\u00a0\u00a0\u00a0\u00a0\u00a0\u00a0\u00a0\u00a0\u00a0\u00a0\u00a0\u00a0\u00a0\u00a0\u00a0\u00a0\u00a0\u00a0\u00a0\u00a0\u00a0\u00a0\u00a0\u00a0\u00a0\u00a0\u00a0\u00a0\u00a0\u00a0\u00a0\u00a0\u00a0\u00a0 \u00a0\u00a0\u00a0\u00a0\u00a0\u00a0\u00a0\u00a0\u00a0\u00a0\u00a0\u00a0\u00a0\u00a0\u00a0\u00a0\u00a0\u00a0\u00a0<\/p>\n<p>B:0,33l\u00a0 Cesnakov\u00e1 so syrom<\/p>\n<p>C:0,33l Zeleninov\u00e1 kr\u00e9mov\u00e1<sup><\/sup><\/p>\n<ol>\n<li>150g\/200g Brav\u010dov\u00e9 kocky so zelen\u00fdmi fazu\u013eov\u00fdmi strukmi, dusen\u00e1 ry\u017ea<sup><\/sup><\/li>\n<li>150g\/200g Pe\u010den\u00e9 kuracie stehno, dusen\u00e1 ry\u017ea, kysl\u00e1 uhorka<sup><\/sup><\/li>\n<li>350g Zemiakov\u00e9 halu\u0161ky s\u00a0taven\u00fdm syrom s\u00a0opra\u017eenou slaninkou a klob\u00e1sou<sup><\/sup><\/li>\n<li>150g\/200g Vypr\u00e1\u017ean\u00fd o\u0161tiepok, varen\u00e9 zemiaky, tat\u00e1rska om\u00e1\u010dka<\/li>\n<li>640g Pizza \u0161unkov\u00e1 s kukuricou<\/li>\n<\/ol>\n<p>\u00a0\u00a0\u00a0\u00a0\u00a0\u00a0\u00a0\u00a0\u00a0\u00a0\u00a0\u00a0\u00a0\u00a0\u00a0\u00a0\u00a0\u00a0\u00a0 \u00a0\u00a0\u00a0\u00a0\u00a0\u00a0\u00a0\u00a0\u00a0\u00a0\u00a0\u00a0\u00a0\u00a0\u00a0\u00a0\u00a0\u00a0\u00a0\u00a0\u00a0\u00a0\u00a0\u00a0\u00a0\u00a0\u00a0\u00a0\u00a0\u00a0\u00a0\u00a0\u00a0\u00a0\u00a0\u00a0\u00a0\u00a0\u00a0\u00a0\u00a0\u00a0\u00a0\u00a0\u00a0\u00a0\u00a0\u00a0\u00a0\u00a0\u00a0\u00a0\u00a0\u00a0\u00a0\u00a0\u00a0\u00a0 \u00a0\u00a0\u00a0\u00a0\u00a0 <strong><u>28.04.2026\u2013 Utorok<\/u><\/strong><\/p>\n<p>A:0,33l Slepa\u010d\u00ed v\u00fdvar s rezancami\u00a0\u00a0\u00a0\u00a0\u00a0\u00a0\u00a0\u00a0\u00a0\u00a0\u00a0\u00a0\u00a0\u00a0\u00a0\u00a0\u00a0\u00a0\u00a0\u00a0\u00a0\u00a0\u00a0\u00a0\u00a0\u00a0\u00a0\u00a0\u00a0\u00a0\u00a0<\/p>\n<p>B:0,33l Cesnakov\u00e1 so syrom\u00a0\u00a0<\/p>\n<p>C:0,33l Zemiakov\u00e1 na kyslo s\u00a0\u00fadenou slaninkou<sup><\/sup><\/p>\n<ol>\n<li>150g\/200g Kolo\u017ev\u00e1rska kapusta s\u00a0kyslou smotanou<sup><\/sup><\/li>\n<li>150g\/200g Kuracie Kung Pao, dusen\u00e1 ry\u017ea<sup><\/sup><\/li>\n<\/ol>\n<p>3\u00a0 350g Penne v\u00a0syrovej om\u00e1\u010dke s\u00a0kurac\u00edm m\u00e4som<\/p>\n<ol start=\"4\">\n<li>150g\/200g Vypr\u00e1\u017ean\u00fd brav\u010dov\u00fd reze\u0148, zemiakov\u00e1 ka\u0161a<sup><\/sup><\/li>\n<li>600g Pizza \u0161unkov\u00e1<\/li>\n<\/ol>\n<p>\u00a0\u00a0\u00a0\u00a0\u00a0\u00a0\u00a0\u00a0\u00a0\u00a0\u00a0\u00a0\u00a0\u00a0\u00a0\u00a0\u00a0\u00a0\u00a0 \u00a0\u00a0\u00a0\u00a0\u00a0\u00a0\u00a0\u00a0\u00a0\u00a0\u00a0\u00a0\u00a0\u00a0\u00a0\u00a0\u00a0\u00a0\u00a0\u00a0\u00a0\u00a0\u00a0\u00a0\u00a0\u00a0\u00a0\u00a0\u00a0\u00a0\u00a0\u00a0\u00a0\u00a0\u00a0\u00a0\u00a0\u00a0\u00a0\u00a0\u00a0\u00a0\u00a0\u00a0\u00a0\u00a0\u00a0\u00a0\u00a0\u00a0\u00a0\u00a0\u00a0\u00a0\u00a0\u00a0\u00a0\u00a0\u00a0\u00a0\u00a0\u00a0\u00a0\u00a0\u00a0\u00a0\u00a0\u00a0\u00a0\u00a0\u00a0\u00a0\u00a0\u00a0\u00a0\u00a0\u00a0\u00a0 <strong><u>29.04.2026 \u2013 Streda<\/u><\/strong><\/p>\n<p>A: 0,33l Slepa\u010d\u00ed v\u00fdvar s rezancami \u00a0\u00a0\u00a0\u00a0\u00a0\u00a0\u00a0\u00a0\u00a0<\/p>\n<p>B: 0,33l Cesnakov\u00e1 so syrom \u00a0\u00a0\u00a0\u00a0\u00a0\u00a0\u00a0\u00a0\u00a0\u00a0\u00a0\u00a0\u00a0\u00a0\u00a0\u00a0\u00a0\u00a0\u00a0\u00a0\u00a0\u00a0\u00a0\u00a0\u00a0\u00a0\u00a0\u00a0\u00a0\u00a0\u00a0\u00a0\u00a0\u00a0\u00a0\u00a0\u00a0\u00a0<\/p>\n<p>C: 0,33l \u0160o\u0161ovicov\u00e1 kysl\u00e1<sup><\/sup><\/p>\n<ol>\n<li>150g\/200g Brav\u010dov\u00e1 panenka v\u00a0smotanovo hubovej om\u00e1\u010dke, dusen\u00e1 ry\u017ea<sup><\/sup><\/li>\n<li>150g\/200g Kuracie k\u00fasky v\u00a0cheddarovej om\u00e1\u010dke, dusen\u00e1 ry\u017ea<sup><\/sup><\/li>\n<\/ol>\n<p>3.350g Buchty na pare plnen\u00e9 jahodov\u00fdm lekvarom s\u00a0vanilkov\u00fdm kr\u00e9mom a\u00a0lesn\u00fd ovoc\u00edm<\/p>\n<ol start=\"4\">\n<li>4. 150g\/200g Obalovan\u00e9 rybie stripsy s\u00a0pe\u010den\u00fdmi zemiakmi, citr\u00f3nov\u00e1 majon\u00e9za<\/li>\n<li>640g Pizza \u0161unkov\u00e1 s olivami<sup><\/sup><\/li>\n<\/ol>\n<p><strong><u>30.04.2026 &#8211; \u0160tvrtok<\/u><\/strong><strong>\u00a0\u00a0\u00a0\u00a0\u00a0\u00a0\u00a0 \u00a0\u00a0\u00a0\u00a0\u00a0\u00a0\u00a0\u00a0\u00a0\u00a0\u00a0 <\/strong><\/p>\n<p>A: 0,33l Slepa\u010d\u00ed v\u00fdvar s rezancami<\/p>\n<p>B: 0,33l Cesnakov\u00e1 so syrom<\/p>\n<p>C: 0,33l Mexick\u00fd gu\u013e\u00e1\u0161<sup><\/sup><\/p>\n<p>1.150g\/200g Moravsk\u00fd vrabec, dusen\u00e1 kysl\u00e1 kapusta, paren\u00e1 kned\u013ea<\/p>\n<ol start=\"2\">\n<li>150g\/200g Thajsk\u00e9 kura kari s\u00a0kokosov\u00fdm mliekom s\u00a0zeleninou, dusen\u00e1 ry\u017ea<sup><\/sup><\/li>\n<\/ol>\n<p>3.350g Penne v\u00a0syrovej om\u00e1\u010dke s\u00a0kurac\u00edm m\u00e4som<\/p>\n<p>4.150g\/200g Vypr\u00e1\u017ean\u00fd karfiol, varen\u00e9 zemiaky, tat\u00e1rska om\u00e1\u010dka<\/p>\n<ol start=\"5\">\n<li>620g Pizza sal\u00e1mov\u00e1<\/li>\n<\/ol>\n<p>[\/et_pb_text][\/et_pb_column][\/et_pb_row][\/et_pb_section][et_pb_section fb_built=&#8220;1&#8243; _builder_version=&#8220;4.27.0&#8243; _module_preset=&#8220;default&#8220; custom_padding=&#8220;63px|||||&#8220; global_colors_info=&#8220;{}&#8220;][et_pb_row _builder_version=&#8220;4.27.0&#8243; _module_preset=&#8220;default&#8220; min_height=&#8220;310.1px&#8220; global_colors_info=&#8220;{}&#8220;][et_pb_column type=&#8220;4_4&#8243; _builder_version=&#8220;4.27.0&#8243; _module_preset=&#8220;default&#8220; global_colors_info=&#8220;{}&#8220;][et_pb_text _builder_version=&#8220;4.27.0&#8243; _module_preset=&#8220;default&#8220; min_height=&#8220;231px&#8220; global_colors_info=&#8220;{}&#8220;]<\/p>\n<p style=\"text-align: center;\"><strong>Cena denn\u00e9ho menu 7,00\u20ac vr\u00e1tane polievky, dovozu a\u00a0baln\u00e9ho. Min. objedn\u00e1vka na rozvoz denn\u00e9ho menu je 6,50\u20ac<\/strong> <strong>K\u00a0obedov\u00e9mu menu je mo\u017en\u00e9 doobjedna\u0165 \u0161al\u00e1t uhorkov\u00fd, mrkvov\u00fd. <\/strong><\/p>\n<p style=\"text-align: center;\"><strong>Cena \u0161al\u00e1tu je 1,00\u20ac. Cena menu bez polievky 6,50\u20ac. Cena polievky 2,00\u20ac.<\/strong><\/p>\n<p style=\"text-align: center;\"><strong>Hmotnos\u0165 m\u00e4sovej zlo\u017eky je uveden\u00e1 v surovom stave. Platba je mo\u017en\u00e1 callio kartou alebo platobnou kartou.<\/strong><\/p>\n<p style=\"text-align: center;\"><strong>V pr\u00edpade platby kartou pros\u00edme nahl\u00e1ste hne\u010f pri objedn\u00e1vke. Ceny s\u00fa vr\u00e1tane DPH<\/strong><strong> <\/strong><\/p>\n<p style=\"text-align: center;\">zoznam alerg\u00e9nov:1. Obilniny obsahuj\u00face lepok 2. K\u00f4rovce a v\u00fdrobky z nich 3. Vajcia a v\u00fdrobky z nich 4.. Ryby a v\u00fdrobky z nich 5. Ara\u0161idy a v\u00fdrobky z nich 6. S\u00f3jov\u00e9 zrn\u00e1 a v\u00fdrobky z nich 7. Mlieko a v\u00fdrobky z neho 8. Orechy, ktor\u00fdmi s\u00fa mandle, lieskov\u00e9 orechy, para orechy, \u00a0ako 10mg\/kg alebo 10mg\/l\u00a0\u00a0 13. Vl\u010d\u00ed b\u00f4b a v\u00fdrobky z neho 14. M\u00e4kk\u00fd\u0161e a v\u00fdrobky z\u00a0nich<\/p>\n<p>[\/et_pb_text][\/et_pb_column][\/et_pb_row][\/et_pb_section]<\/p>\n","protected":false},"excerpt":{"rendered":"<p>Objedn\u00e1vky na rozvoz na tel. 0903 022 933 RE\u0160TAUR\u00c1CIA U RYTIEROV\u00a027.04.2026- Pondelok A:0,33l\u00a0 Slepa\u010d\u00ed v\u00fdvar s rezancami\u00a0\u00a0\u00a0\u00a0\u00a0\u00a0\u00a0\u00a0\u00a0\u00a0\u00a0\u00a0\u00a0\u00a0\u00a0\u00a0\u00a0\u00a0\u00a0\u00a0\u00a0\u00a0\u00a0\u00a0\u00a0\u00a0\u00a0\u00a0\u00a0\u00a0\u00a0\u00a0\u00a0\u00a0\u00a0\u00a0\u00a0\u00a0\u00a0\u00a0\u00a0\u00a0\u00a0\u00a0\u00a0\u00a0\u00a0\u00a0\u00a0\u00a0\u00a0\u00a0\u00a0\u00a0\u00a0\u00a0\u00a0\u00a0\u00a0\u00a0\u00a0\u00a0\u00a0\u00a0\u00a0\u00a0\u00a0\u00a0\u00a0\u00a0\u00a0\u00a0\u00a0\u00a0\u00a0\u00a0\u00a0\u00a0\u00a0\u00a0\u00a0\u00a0\u00a0\u00a0\u00a0\u00a0\u00a0\u00a0\u00a0\u00a0\u00a0\u00a0\u00a0\u00a0\u00a0\u00a0\u00a0\u00a0\u00a0\u00a0\u00a0\u00a0\u00a0\u00a0\u00a0\u00a0\u00a0\u00a0 \u00a0\u00a0\u00a0\u00a0\u00a0\u00a0\u00a0\u00a0\u00a0\u00a0\u00a0\u00a0\u00a0\u00a0\u00a0\u00a0\u00a0\u00a0\u00a0 B:0,33l\u00a0 Cesnakov\u00e1 so syrom C:0,33l Zeleninov\u00e1 kr\u00e9mov\u00e1 150g\/200g Brav\u010dov\u00e9 kocky so zelen\u00fdmi fazu\u013eov\u00fdmi strukmi, dusen\u00e1 ry\u017ea 150g\/200g Pe\u010den\u00e9 kuracie stehno, dusen\u00e1 ry\u017ea, kysl\u00e1 uhorka 350g Zemiakov\u00e9 halu\u0161ky s\u00a0taven\u00fdm syrom s\u00a0opra\u017eenou slaninkou a klob\u00e1sou 150g\/200g Vypr\u00e1\u017ean\u00fd o\u0161tiepok, varen\u00e9 [&hellip;]<\/p>\n","protected":false},"author":1,"featured_media":0,"parent":0,"menu_order":0,"comment_status":"closed","ping_status":"closed","template":"","meta":{"_et_pb_use_builder":"on","_et_pb_old_content":"","_et_gb_content_width":"","_monsterinsights_skip_tracking":false,"_monsterinsights_sitenote_active":false,"_monsterinsights_sitenote_note":"","_monsterinsights_sitenote_category":0,"footnotes":""},"class_list":["post-108","page","type-page","status-publish","hentry"],"yoast_head":"<!-- This site is optimized with the Yoast SEO plugin v23.1 - https:\/\/yoast.com\/wordpress\/plugins\/seo\/ -->\n<title>Denn\u00e9 menu - uryrierov<\/title>\n<meta name=\"robots\" content=\"index, follow, max-snippet:-1, max-image-preview:large, max-video-preview:-1\" \/>\n<link rel=\"canonical\" href=\"https:\/\/www.urytierov.sk\/?page_id=108\" \/>\n<meta property=\"og:locale\" content=\"sk_SK\" \/>\n<meta property=\"og:type\" content=\"article\" \/>\n<meta property=\"og:title\" content=\"Denn\u00e9 menu - uryrierov\" \/>\n<meta property=\"og:description\" content=\"Objedn\u00e1vky na rozvoz na tel. 0903 022 933 RE\u0160TAUR\u00c1CIA U RYTIEROV\u00a027.04.2026- Pondelok A:0,33l\u00a0 Slepa\u010d\u00ed v\u00fdvar s rezancami\u00a0\u00a0\u00a0\u00a0\u00a0\u00a0\u00a0\u00a0\u00a0\u00a0\u00a0\u00a0\u00a0\u00a0\u00a0\u00a0\u00a0\u00a0\u00a0\u00a0\u00a0\u00a0\u00a0\u00a0\u00a0\u00a0\u00a0\u00a0\u00a0\u00a0\u00a0\u00a0\u00a0\u00a0\u00a0\u00a0\u00a0\u00a0\u00a0\u00a0\u00a0\u00a0\u00a0\u00a0\u00a0\u00a0\u00a0\u00a0\u00a0\u00a0\u00a0\u00a0\u00a0\u00a0\u00a0\u00a0\u00a0\u00a0\u00a0\u00a0\u00a0\u00a0\u00a0\u00a0\u00a0\u00a0\u00a0\u00a0\u00a0\u00a0\u00a0\u00a0\u00a0\u00a0\u00a0\u00a0\u00a0\u00a0\u00a0\u00a0\u00a0\u00a0\u00a0\u00a0\u00a0\u00a0\u00a0\u00a0\u00a0\u00a0\u00a0\u00a0\u00a0\u00a0\u00a0\u00a0\u00a0\u00a0\u00a0\u00a0\u00a0\u00a0\u00a0\u00a0\u00a0\u00a0\u00a0\u00a0 \u00a0\u00a0\u00a0\u00a0\u00a0\u00a0\u00a0\u00a0\u00a0\u00a0\u00a0\u00a0\u00a0\u00a0\u00a0\u00a0\u00a0\u00a0\u00a0 B:0,33l\u00a0 Cesnakov\u00e1 so syrom C:0,33l Zeleninov\u00e1 kr\u00e9mov\u00e1 150g\/200g Brav\u010dov\u00e9 kocky so zelen\u00fdmi fazu\u013eov\u00fdmi strukmi, dusen\u00e1 ry\u017ea 150g\/200g Pe\u010den\u00e9 kuracie stehno, dusen\u00e1 ry\u017ea, kysl\u00e1 uhorka 350g Zemiakov\u00e9 halu\u0161ky s\u00a0taven\u00fdm syrom s\u00a0opra\u017eenou slaninkou a klob\u00e1sou 150g\/200g Vypr\u00e1\u017ean\u00fd o\u0161tiepok, varen\u00e9 [&hellip;]\" \/>\n<meta property=\"og:url\" content=\"https:\/\/www.urytierov.sk\/?page_id=108\" \/>\n<meta property=\"og:site_name\" content=\"uryrierov\" \/>\n<meta property=\"article:modified_time\" content=\"2026-04-26T06:58:54+00:00\" \/>\n<meta name=\"twitter:card\" content=\"summary_large_image\" \/>\n<meta name=\"twitter:label1\" content=\"Predpokladan\u00fd \u010das \u010d\u00edtania\" \/>\n\t<meta name=\"twitter:data1\" content=\"3 min\u00faty\" \/>\n<script type=\"application\/ld+json\" class=\"yoast-schema-graph\">{\"@context\":\"https:\/\/schema.org\",\"@graph\":[{\"@type\":\"WebPage\",\"@id\":\"https:\/\/www.urytierov.sk\/?page_id=108\",\"url\":\"https:\/\/www.urytierov.sk\/?page_id=108\",\"name\":\"Denn\u00e9 menu - uryrierov\",\"isPartOf\":{\"@id\":\"https:\/\/www.urytierov.sk\/#website\"},\"datePublished\":\"2024-07-24T15:05:07+00:00\",\"dateModified\":\"2026-04-26T06:58:54+00:00\",\"breadcrumb\":{\"@id\":\"https:\/\/www.urytierov.sk\/?page_id=108#breadcrumb\"},\"inLanguage\":\"sk-SK\",\"potentialAction\":[{\"@type\":\"ReadAction\",\"target\":[\"https:\/\/www.urytierov.sk\/?page_id=108\"]}]},{\"@type\":\"BreadcrumbList\",\"@id\":\"https:\/\/www.urytierov.sk\/?page_id=108#breadcrumb\",\"itemListElement\":[{\"@type\":\"ListItem\",\"position\":1,\"name\":\"Home\",\"item\":\"https:\/\/www.urytierov.sk\/\"},{\"@type\":\"ListItem\",\"position\":2,\"name\":\"Denn\u00e9 menu\"}]},{\"@type\":\"WebSite\",\"@id\":\"https:\/\/www.urytierov.sk\/#website\",\"url\":\"https:\/\/www.urytierov.sk\/\",\"name\":\"uryrierov\",\"description\":\"Gurm\u00e1nske \u0161peciality\",\"potentialAction\":[{\"@type\":\"SearchAction\",\"target\":{\"@type\":\"EntryPoint\",\"urlTemplate\":\"https:\/\/www.urytierov.sk\/?s={search_term_string}\"},\"query-input\":\"required name=search_term_string\"}],\"inLanguage\":\"sk-SK\"}]}<\/script>\n<!-- \/ Yoast SEO plugin. -->","yoast_head_json":{"title":"Denn\u00e9 menu - uryrierov","robots":{"index":"index","follow":"follow","max-snippet":"max-snippet:-1","max-image-preview":"max-image-preview:large","max-video-preview":"max-video-preview:-1"},"canonical":"https:\/\/www.urytierov.sk\/?page_id=108","og_locale":"sk_SK","og_type":"article","og_title":"Denn\u00e9 menu - uryrierov","og_description":"Objedn\u00e1vky na rozvoz na tel. 0903 022 933 RE\u0160TAUR\u00c1CIA U RYTIEROV\u00a027.04.2026- Pondelok A:0,33l\u00a0 Slepa\u010d\u00ed v\u00fdvar s rezancami\u00a0\u00a0\u00a0\u00a0\u00a0\u00a0\u00a0\u00a0\u00a0\u00a0\u00a0\u00a0\u00a0\u00a0\u00a0\u00a0\u00a0\u00a0\u00a0\u00a0\u00a0\u00a0\u00a0\u00a0\u00a0\u00a0\u00a0\u00a0\u00a0\u00a0\u00a0\u00a0\u00a0\u00a0\u00a0\u00a0\u00a0\u00a0\u00a0\u00a0\u00a0\u00a0\u00a0\u00a0\u00a0\u00a0\u00a0\u00a0\u00a0\u00a0\u00a0\u00a0\u00a0\u00a0\u00a0\u00a0\u00a0\u00a0\u00a0\u00a0\u00a0\u00a0\u00a0\u00a0\u00a0\u00a0\u00a0\u00a0\u00a0\u00a0\u00a0\u00a0\u00a0\u00a0\u00a0\u00a0\u00a0\u00a0\u00a0\u00a0\u00a0\u00a0\u00a0\u00a0\u00a0\u00a0\u00a0\u00a0\u00a0\u00a0\u00a0\u00a0\u00a0\u00a0\u00a0\u00a0\u00a0\u00a0\u00a0\u00a0\u00a0\u00a0\u00a0\u00a0\u00a0\u00a0\u00a0\u00a0 \u00a0\u00a0\u00a0\u00a0\u00a0\u00a0\u00a0\u00a0\u00a0\u00a0\u00a0\u00a0\u00a0\u00a0\u00a0\u00a0\u00a0\u00a0\u00a0 B:0,33l\u00a0 Cesnakov\u00e1 so syrom C:0,33l Zeleninov\u00e1 kr\u00e9mov\u00e1 150g\/200g Brav\u010dov\u00e9 kocky so zelen\u00fdmi fazu\u013eov\u00fdmi strukmi, dusen\u00e1 ry\u017ea 150g\/200g Pe\u010den\u00e9 kuracie stehno, dusen\u00e1 ry\u017ea, kysl\u00e1 uhorka 350g Zemiakov\u00e9 halu\u0161ky s\u00a0taven\u00fdm syrom s\u00a0opra\u017eenou slaninkou a klob\u00e1sou 150g\/200g Vypr\u00e1\u017ean\u00fd o\u0161tiepok, varen\u00e9 [&hellip;]","og_url":"https:\/\/www.urytierov.sk\/?page_id=108","og_site_name":"uryrierov","article_modified_time":"2026-04-26T06:58:54+00:00","twitter_card":"summary_large_image","twitter_misc":{"Predpokladan\u00fd \u010das \u010d\u00edtania":"3 min\u00faty"},"schema":{"@context":"https:\/\/schema.org","@graph":[{"@type":"WebPage","@id":"https:\/\/www.urytierov.sk\/?page_id=108","url":"https:\/\/www.urytierov.sk\/?page_id=108","name":"Denn\u00e9 menu - uryrierov","isPartOf":{"@id":"https:\/\/www.urytierov.sk\/#website"},"datePublished":"2024-07-24T15:05:07+00:00","dateModified":"2026-04-26T06:58:54+00:00","breadcrumb":{"@id":"https:\/\/www.urytierov.sk\/?page_id=108#breadcrumb"},"inLanguage":"sk-SK","potentialAction":[{"@type":"ReadAction","target":["https:\/\/www.urytierov.sk\/?page_id=108"]}]},{"@type":"BreadcrumbList","@id":"https:\/\/www.urytierov.sk\/?page_id=108#breadcrumb","itemListElement":[{"@type":"ListItem","position":1,"name":"Home","item":"https:\/\/www.urytierov.sk\/"},{"@type":"ListItem","position":2,"name":"Denn\u00e9 menu"}]},{"@type":"WebSite","@id":"https:\/\/www.urytierov.sk\/#website","url":"https:\/\/www.urytierov.sk\/","name":"uryrierov","description":"Gurm\u00e1nske \u0161peciality","potentialAction":[{"@type":"SearchAction","target":{"@type":"EntryPoint","urlTemplate":"https:\/\/www.urytierov.sk\/?s={search_term_string}"},"query-input":"required name=search_term_string"}],"inLanguage":"sk-SK"}]}},"_links":{"self":[{"href":"https:\/\/www.urytierov.sk\/index.php?rest_route=\/wp\/v2\/pages\/108"}],"collection":[{"href":"https:\/\/www.urytierov.sk\/index.php?rest_route=\/wp\/v2\/pages"}],"about":[{"href":"https:\/\/www.urytierov.sk\/index.php?rest_route=\/wp\/v2\/types\/page"}],"author":[{"embeddable":true,"href":"https:\/\/www.urytierov.sk\/index.php?rest_route=\/wp\/v2\/users\/1"}],"replies":[{"embeddable":true,"href":"https:\/\/www.urytierov.sk\/index.php?rest_route=%2Fwp%2Fv2%2Fcomments&post=108"}],"version-history":[{"count":6,"href":"https:\/\/www.urytierov.sk\/index.php?rest_route=\/wp\/v2\/pages\/108\/revisions"}],"predecessor-version":[{"id":360,"href":"https:\/\/www.urytierov.sk\/index.php?rest_route=\/wp\/v2\/pages\/108\/revisions\/360"}],"wp:attachment":[{"href":"https:\/\/www.urytierov.sk\/index.php?rest_route=%2Fwp%2Fv2%2Fmedia&parent=108"}],"curies":[{"name":"wp","href":"https:\/\/api.w.org\/{rel}","templated":true}]}}