{"id":8,"date":"2024-07-24T13:47:20","date_gmt":"2024-07-24T11:47:20","guid":{"rendered":"https:\/\/www.urytierov.sk\/?page_id=8"},"modified":"2024-07-26T18:13:50","modified_gmt":"2024-07-26T16:13:50","slug":"8-2","status":"publish","type":"page","link":"https:\/\/www.urytierov.sk\/?page_id=8","title":{"rendered":"Gurm\u00e1nske lah\u00f4dky na tanieri"},"content":{"rendered":"<p>[et_pb_section fb_built=&#8220;1&#8243; admin_label=&#8220;uvod&#8220; _builder_version=&#8220;4.27.0&#8243; _module_preset=&#8220;default&#8220; global_colors_info=&#8220;{}&#8220;][et_pb_row _builder_version=&#8220;4.27.0&#8243; _module_preset=&#8220;default&#8220; global_colors_info=&#8220;{}&#8220;][et_pb_column type=&#8220;4_4&#8243; _builder_version=&#8220;4.27.0&#8243; _module_preset=&#8220;default&#8220; global_colors_info=&#8220;{}&#8220;][et_pb_slider _builder_version=&#8220;4.27.0&#8243; _module_preset=&#8220;default&#8220; animation_style=&#8220;fade&#8220; animation_duration=&#8220;350ms&#8220; global_colors_info=&#8220;{%22gcid-7cadd8b3-5228-48e4-90c4-212d09232f7b%22:%91%22arrows_custom_color%22%93,%22gcid-heading-color%22:%91%22header_text_color%22%93,%22gcid-body-color%22:%91%22body_text_color%22%93,%22gcid-primary-color%22:%91%22button_bg_color%22%93}&#8220; button_bg_color=&#8220;#2f3e46&#8243; header_text_color=&#8220;#0e0c19&#8243; body_text_color=&#8220;#3c3a47&#8243; button_bg_enable_color=&#8220;on&#8220;][et_pb_slide heading=&#8220;Re\u0161taur\u00e1cia U rytierov&#8220; button_text=&#8220;Objedna\u0165 teraz&#8220; _builder_version=&#8220;4.27.0&#8243; _module_preset=&#8220;default&#8220; background_image=&#8220;https:\/\/www.urytierov.sk\/wp-content\/uploads\/2024\/07\/Pizza-capricciosa-scaled.jpg&#8220; background_enable_image=&#8220;on&#8220; custom_button=&#8220;on&#8220; button_text_color=&#8220;#E02B20&#8243; button_bg_color=&#8220;#FFFFFF&#8220; hover_enabled=&#8220;0&#8243; global_colors_info=&#8220;{}&#8220; sticky_transition=&#8220;on&#8220; sticky_enabled=&#8220;0&#8243;][\/et_pb_slide][et_pb_slide heading=&#8220;Denn\u00e9 menu&#8220; button_text=&#8220;Objedna\u0165 teraz&#8220; _builder_version=&#8220;4.27.0&#8243; _module_preset=&#8220;default&#8220; background_image=&#8220;https:\/\/www.urytierov.sk\/wp-content\/uploads\/2024\/07\/unnamed.jpg&#8220; background_enable_image=&#8220;on&#8220; custom_button=&#8220;on&#8220; button_text_color=&#8220;#E02B20&#8243; button_bg_color=&#8220;#FFFFFF&#8220; global_colors_info=&#8220;{}&#8220; sticky_transition=&#8220;on&#8220;]<\/p>\n<h2><strong>Objedn\u00e1vky na rozvoz na tel. 0903 022 933<\/strong><\/h2>\n<p><strong>RE\u0160TAUR\u00c1CIA U RYTIEROV,<\/strong><strong>\u00a0zimn\u00fd \u0161tadi\u00f3n Zvolen<\/strong><\/p>\n<p>[\/et_pb_slide][et_pb_slide heading=&#8220;Burgre&#8220; button_text=&#8220;Objedna\u0165 teraz&#8220; _builder_version=&#8220;4.27.0&#8243; _module_preset=&#8220;default&#8220; background_image=&#8220;https:\/\/www.urytierov.sk\/wp-content\/uploads\/2024\/07\/view-tasty-burger-with-cheese-meat_23-2150887772.jpg&#8220; background_enable_image=&#8220;on&#8220; custom_button=&#8220;on&#8220; button_text_color=&#8220;#E02B20&#8243; button_bg_color=&#8220;#FFFFFF&#8220; global_colors_info=&#8220;{}&#8220; sticky_transition=&#8220;on&#8220;]<\/p>\n<h2><strong>Objedn\u00e1vky na rozvoz na tel. 0903 022 933<\/strong><\/h2>\n<p><strong>RE\u0160TAUR\u00c1CIA U RYTIEROV,<\/strong><strong>\u00a0zimn\u00fd \u0161tadi\u00f3n Zvolen<\/strong><\/p>\n<p>[\/et_pb_slide][\/et_pb_slider][\/et_pb_column][\/et_pb_row][\/et_pb_section][et_pb_section fb_built=&#8220;1&#8243; admin_label=&#8220;Contact Info&#8220; _builder_version=&#8220;4.25.1&#8243; _module_preset=&#8220;default&#8220; collapsed=&#8220;on&#8220; global_colors_info=&#8220;{}&#8220;][et_pb_row column_structure=&#8220;1_3,1_3,1_3&#8243; _builder_version=&#8220;4.25.1&#8243; _module_preset=&#8220;default&#8220; global_colors_info=&#8220;{}&#8220;][et_pb_column type=&#8220;1_3&#8243; _builder_version=&#8220;4.25.1&#8243; _module_preset=&#8220;default&#8220; global_colors_info=&#8220;{}&#8220;][et_pb_blurb title=&#8220;Phone&#8220; use_icon=&#8220;on&#8220; font_icon=&#8220;&#xe090;||divi||400&#8243; icon_color=&#8220;#003566&#8243; module_class=&#8220;ai_ignore_all&#8220; _builder_version=&#8220;4.27.0&#8243; _module_preset=&#8220;65059203-12d3-44f6-8371-3f5cf61a0475&#8243; header_font=&#8220;Yeseva One|Yeseva One_weight|||||||&#8220; header_text_color=&#8220;#111111&#8243; body_font=&#8220;Josefin Sans|Josefin Sans_weight|||||||&#8220; body_text_color=&#8220;rgba(0,0,0,0.64)&#8220; body_link_text_color=&#8220;#003566&#8243; global_colors_info=&#8220;{}&#8220;]<\/p>\n<p>(421) 903 022 933<\/p>\n<p>[\/et_pb_blurb][\/et_pb_column][et_pb_column type=&#8220;1_3&#8243; _builder_version=&#8220;4.25.1&#8243; _module_preset=&#8220;default&#8220; global_colors_info=&#8220;{}&#8220;][et_pb_blurb title=&#8220;Email&#8220; use_icon=&#8220;on&#8220; font_icon=&#8220;&#xf0e0;||fa||900&#8243; icon_color=&#8220;#003566&#8243; module_class=&#8220;ai_ignore_all&#8220; _builder_version=&#8220;4.25.1&#8243; _module_preset=&#8220;65059203-12d3-44f6-8371-3f5cf61a0475&#8243; header_font=&#8220;Yeseva One|Yeseva One_weight|||||||&#8220; header_text_color=&#8220;#111111&#8243; body_font=&#8220;Josefin Sans|Josefin Sans_weight|||||||&#8220; body_text_color=&#8220;rgba(0,0,0,0.64)&#8220; body_link_text_color=&#8220;#003566&#8243; locked=&#8220;off&#8220; global_colors_info=&#8220;{}&#8220;]<\/p>\n<p><a href=\"mailto:kontakt@uryrierov.sk\">kontakt@uryrierov.sk<\/a><\/p>\n<p>[\/et_pb_blurb][\/et_pb_column][et_pb_column type=&#8220;1_3&#8243; _builder_version=&#8220;4.25.1&#8243; _module_preset=&#8220;default&#8220; global_colors_info=&#8220;{}&#8220;][et_pb_blurb title=&#8220;Address&#8220; use_icon=&#8220;on&#8220; font_icon=&#8220;&#xf3c5;||fa||900&#8243; icon_color=&#8220;#003566&#8243; module_class=&#8220;ai_ignore_all&#8220; _builder_version=&#8220;4.27.0&#8243; _module_preset=&#8220;65059203-12d3-44f6-8371-3f5cf61a0475&#8243; header_font=&#8220;Yeseva One|Yeseva One_weight|||||||&#8220; header_text_color=&#8220;#111111&#8243; body_font=&#8220;Josefin Sans|Josefin Sans_weight|||||||&#8220; body_text_color=&#8220;rgba(0,0,0,0.64)&#8220; body_link_text_color=&#8220;#003566&#8243; locked=&#8220;off&#8220; global_colors_info=&#8220;{}&#8220;]<\/p>\n<p align=\"center\" class=\"style2\">Pod Dr\u00e1hami 2292\/21, 960 01 Zvolen<\/p>\n<p align=\"center\" class=\"style2\" style=\"text-align: left;\">(Zimn\u00fd \u0161tadi\u00f3n Zvolen)<\/p>\n<p>[\/et_pb_blurb][\/et_pb_column][\/et_pb_row][\/et_pb_section][et_pb_section fb_built=&#8220;1&#8243; _builder_version=&#8220;4.27.0&#8243; _module_preset=&#8220;default&#8220; global_colors_info=&#8220;{}&#8220;][et_pb_row column_structure=&#8220;1_2,1_2&#8243; _builder_version=&#8220;4.27.0&#8243; _module_preset=&#8220;default&#8220; global_colors_info=&#8220;{}&#8220;][et_pb_column type=&#8220;1_2&#8243; _builder_version=&#8220;4.27.0&#8243; _module_preset=&#8220;default&#8220; global_colors_info=&#8220;{}&#8220;][et_pb_map address=&#8220;zvolen&#8220; _builder_version=&#8220;4.27.0&#8243; _module_preset=&#8220;default&#8220; global_colors_info=&#8220;{}&#8220;][et_pb_map_pin title=&#8220;Gurm\u00e1nske lah\u00f4dky na tanieri&#8220; pin_address=&#8220;Pod Dr\u00e1hami 2292\/21  960 01 Zvolen&#8220; _builder_version=&#8220;4.27.0&#8243; _module_preset=&#8220;default&#8220; global_colors_info=&#8220;{}&#8220;]Ponorte sa do sveta n\u00e1\u0161ho jedine\u010dn\u00e9ho gastronomick\u00e9ho umenia a nechajte sa un\u00e1\u0161a\u0165 chu\u0165ov\u00fdmi z\u00e1\u017eitkami, ktor\u00e9 pote\u0161ia v\u0161etky va\u0161e zmysly. Objednajte si e\u0161te dnes a doprajte si v\u00fdnimo\u010dn\u00fd z\u00e1\u017eitok pre va\u0161e podnebie![\/et_pb_map_pin][\/et_pb_map][\/et_pb_column][et_pb_column type=&#8220;1_2&#8243; _builder_version=&#8220;4.27.0&#8243; _module_preset=&#8220;default&#8220; global_colors_info=&#8220;{}&#8220;][et_pb_contact_form submit_button_text=&#8220;Odosla\u0165&#8220; _builder_version=&#8220;4.27.0&#8243; _module_preset=&#8220;default&#8220; _unique_id=&#8220;1fc95faf-e134-4261-9e62-d8f92e1e2619&#8243; global_colors_info=&#8220;{}&#8220;][et_pb_contact_field field_id=&#8220;Name&#8220; field_title=&#8220;Meno&#8220; _builder_version=&#8220;4.16&#8243; global_colors_info=&#8220;{}&#8220; button_text_size__hover_enabled=&#8220;off&#8220; button_one_text_size__hover_enabled=&#8220;off&#8220; button_two_text_size__hover_enabled=&#8220;off&#8220; button_text_color__hover_enabled=&#8220;off&#8220; button_one_text_color__hover_enabled=&#8220;off&#8220; button_two_text_color__hover_enabled=&#8220;off&#8220; button_border_width__hover_enabled=&#8220;off&#8220; button_one_border_width__hover_enabled=&#8220;off&#8220; button_two_border_width__hover_enabled=&#8220;off&#8220; button_border_color__hover_enabled=&#8220;off&#8220; button_one_border_color__hover_enabled=&#8220;off&#8220; button_two_border_color__hover_enabled=&#8220;off&#8220; button_border_radius__hover_enabled=&#8220;off&#8220; button_one_border_radius__hover_enabled=&#8220;off&#8220; button_two_border_radius__hover_enabled=&#8220;off&#8220; button_letter_spacing__hover_enabled=&#8220;off&#8220; button_one_letter_spacing__hover_enabled=&#8220;off&#8220; button_two_letter_spacing__hover_enabled=&#8220;off&#8220; button_bg_color__hover_enabled=&#8220;off&#8220; button_one_bg_color__hover_enabled=&#8220;off&#8220; button_two_bg_color__hover_enabled=&#8220;off&#8220;][\/et_pb_contact_field][et_pb_contact_field field_id=&#8220;U_rytierov&#8220; field_title=&#8220;kentosjan@gmail.com&#8220; field_type=&#8220;email&#8220; _builder_version=&#8220;4.27.0&#8243; global_colors_info=&#8220;{}&#8220; button_text_size__hover_enabled=&#8220;off&#8220; button_one_text_size__hover_enabled=&#8220;off&#8220; button_two_text_size__hover_enabled=&#8220;off&#8220; button_text_color__hover_enabled=&#8220;off&#8220; button_one_text_color__hover_enabled=&#8220;off&#8220; button_two_text_color__hover_enabled=&#8220;off&#8220; button_border_width__hover_enabled=&#8220;off&#8220; button_one_border_width__hover_enabled=&#8220;off&#8220; button_two_border_width__hover_enabled=&#8220;off&#8220; button_border_color__hover_enabled=&#8220;off&#8220; button_one_border_color__hover_enabled=&#8220;off&#8220; button_two_border_color__hover_enabled=&#8220;off&#8220; button_border_radius__hover_enabled=&#8220;off&#8220; button_one_border_radius__hover_enabled=&#8220;off&#8220; button_two_border_radius__hover_enabled=&#8220;off&#8220; button_letter_spacing__hover_enabled=&#8220;off&#8220; button_one_letter_spacing__hover_enabled=&#8220;off&#8220; button_two_letter_spacing__hover_enabled=&#8220;off&#8220; button_bg_color__hover_enabled=&#8220;off&#8220; button_one_bg_color__hover_enabled=&#8220;off&#8220; button_two_bg_color__hover_enabled=&#8220;off&#8220;][\/et_pb_contact_field][et_pb_contact_field field_id=&#8220;Message&#8220; field_title=&#8220;E-mailov\u00e1 spr\u00e1va&#8220; field_type=&#8220;text&#8220; fullwidth_field=&#8220;on&#8220; _builder_version=&#8220;4.16&#8243; global_colors_info=&#8220;{}&#8220; button_text_size__hover_enabled=&#8220;off&#8220; button_one_text_size__hover_enabled=&#8220;off&#8220; button_two_text_size__hover_enabled=&#8220;off&#8220; button_text_color__hover_enabled=&#8220;off&#8220; button_one_text_color__hover_enabled=&#8220;off&#8220; button_two_text_color__hover_enabled=&#8220;off&#8220; button_border_width__hover_enabled=&#8220;off&#8220; button_one_border_width__hover_enabled=&#8220;off&#8220; button_two_border_width__hover_enabled=&#8220;off&#8220; button_border_color__hover_enabled=&#8220;off&#8220; button_one_border_color__hover_enabled=&#8220;off&#8220; button_two_border_color__hover_enabled=&#8220;off&#8220; button_border_radius__hover_enabled=&#8220;off&#8220; button_one_border_radius__hover_enabled=&#8220;off&#8220; button_two_border_radius__hover_enabled=&#8220;off&#8220; button_letter_spacing__hover_enabled=&#8220;off&#8220; button_one_letter_spacing__hover_enabled=&#8220;off&#8220; button_two_letter_spacing__hover_enabled=&#8220;off&#8220; button_bg_color__hover_enabled=&#8220;off&#8220; button_one_bg_color__hover_enabled=&#8220;off&#8220; button_two_bg_color__hover_enabled=&#8220;off&#8220;][\/et_pb_contact_field][\/et_pb_contact_form][\/et_pb_column][\/et_pb_row][\/et_pb_section]<\/p>\n","protected":false},"excerpt":{"rendered":"<p>Objedn\u00e1vky na rozvoz na tel. 0903 022 933 RE\u0160TAUR\u00c1CIA U RYTIEROV,\u00a0zimn\u00fd \u0161tadi\u00f3n ZvolenObjedn\u00e1vky na rozvoz na tel. 0903 022 933 RE\u0160TAUR\u00c1CIA U RYTIEROV,\u00a0zimn\u00fd \u0161tadi\u00f3n Zvolen(421) 903 022 933kontakt@uryrierov.skPod Dr\u00e1hami 2292\/21, 960 01 Zvolen (Zimn\u00fd \u0161tadi\u00f3n Zvolen)Ponorte sa do sveta n\u00e1\u0161ho jedine\u010dn\u00e9ho gastronomick\u00e9ho umenia a nechajte sa un\u00e1\u0161a\u0165 chu\u0165ov\u00fdmi z\u00e1\u017eitkami, ktor\u00e9 pote\u0161ia v\u0161etky va\u0161e zmysly. Objednajte [&hellip;]<\/p>\n","protected":false},"author":1,"featured_media":0,"parent":0,"menu_order":0,"comment_status":"closed","ping_status":"closed","template":"page-template-blank.php","meta":{"_et_pb_use_builder":"on","_et_pb_old_content":"","_et_gb_content_width":"","_monsterinsights_skip_tracking":false,"_monsterinsights_sitenote_active":false,"_monsterinsights_sitenote_note":"","_monsterinsights_sitenote_category":0,"footnotes":""},"class_list":["post-8","page","type-page","status-publish","hentry"],"yoast_head":"<!-- This site is optimized with the Yoast SEO plugin v23.1 - https:\/\/yoast.com\/wordpress\/plugins\/seo\/ -->\n<title>Gurm\u00e1nske lah\u00f4dky na tanieri - uryrierov<\/title>\n<meta name=\"robots\" content=\"index, follow, max-snippet:-1, max-image-preview:large, max-video-preview:-1\" \/>\n<link rel=\"canonical\" href=\"https:\/\/www.urytierov.sk\/?page_id=8\" \/>\n<meta property=\"og:locale\" content=\"sk_SK\" \/>\n<meta property=\"og:type\" content=\"article\" \/>\n<meta property=\"og:title\" content=\"Gurm\u00e1nske lah\u00f4dky na tanieri - uryrierov\" \/>\n<meta property=\"og:description\" content=\"Objedn\u00e1vky na rozvoz na tel. 0903 022 933 RE\u0160TAUR\u00c1CIA U RYTIEROV,\u00a0zimn\u00fd \u0161tadi\u00f3n ZvolenObjedn\u00e1vky na rozvoz na tel. 0903 022 933 RE\u0160TAUR\u00c1CIA U RYTIEROV,\u00a0zimn\u00fd \u0161tadi\u00f3n Zvolen(421) 903 022 933kontakt@uryrierov.skPod Dr\u00e1hami 2292\/21, 960 01 Zvolen (Zimn\u00fd \u0161tadi\u00f3n Zvolen)Ponorte sa do sveta n\u00e1\u0161ho jedine\u010dn\u00e9ho gastronomick\u00e9ho umenia a nechajte sa un\u00e1\u0161a\u0165 chu\u0165ov\u00fdmi z\u00e1\u017eitkami, ktor\u00e9 pote\u0161ia v\u0161etky va\u0161e zmysly. Objednajte [&hellip;]\" \/>\n<meta property=\"og:url\" content=\"https:\/\/www.urytierov.sk\/?page_id=8\" \/>\n<meta property=\"og:site_name\" content=\"uryrierov\" \/>\n<meta property=\"article:modified_time\" content=\"2024-07-26T16:13:50+00:00\" \/>\n<meta name=\"twitter:card\" content=\"summary_large_image\" \/>\n<script type=\"application\/ld+json\" class=\"yoast-schema-graph\">{\"@context\":\"https:\/\/schema.org\",\"@graph\":[{\"@type\":\"WebPage\",\"@id\":\"https:\/\/www.urytierov.sk\/?page_id=8\",\"url\":\"https:\/\/www.urytierov.sk\/?page_id=8\",\"name\":\"Gurm\u00e1nske lah\u00f4dky na tanieri - uryrierov\",\"isPartOf\":{\"@id\":\"https:\/\/www.urytierov.sk\/#website\"},\"datePublished\":\"2024-07-24T11:47:20+00:00\",\"dateModified\":\"2024-07-26T16:13:50+00:00\",\"breadcrumb\":{\"@id\":\"https:\/\/www.urytierov.sk\/?page_id=8#breadcrumb\"},\"inLanguage\":\"sk-SK\",\"potentialAction\":[{\"@type\":\"ReadAction\",\"target\":[\"https:\/\/www.urytierov.sk\/?page_id=8\"]}]},{\"@type\":\"BreadcrumbList\",\"@id\":\"https:\/\/www.urytierov.sk\/?page_id=8#breadcrumb\",\"itemListElement\":[{\"@type\":\"ListItem\",\"position\":1,\"name\":\"Home\",\"item\":\"https:\/\/www.urytierov.sk\/\"},{\"@type\":\"ListItem\",\"position\":2,\"name\":\"Gurm\u00e1nske lah\u00f4dky na tanieri\"}]},{\"@type\":\"WebSite\",\"@id\":\"https:\/\/www.urytierov.sk\/#website\",\"url\":\"https:\/\/www.urytierov.sk\/\",\"name\":\"uryrierov\",\"description\":\"Gurm\u00e1nske \u0161peciality\",\"potentialAction\":[{\"@type\":\"SearchAction\",\"target\":{\"@type\":\"EntryPoint\",\"urlTemplate\":\"https:\/\/www.urytierov.sk\/?s={search_term_string}\"},\"query-input\":\"required name=search_term_string\"}],\"inLanguage\":\"sk-SK\"}]}<\/script>\n<!-- \/ Yoast SEO plugin. -->","yoast_head_json":{"title":"Gurm\u00e1nske lah\u00f4dky na tanieri - uryrierov","robots":{"index":"index","follow":"follow","max-snippet":"max-snippet:-1","max-image-preview":"max-image-preview:large","max-video-preview":"max-video-preview:-1"},"canonical":"https:\/\/www.urytierov.sk\/?page_id=8","og_locale":"sk_SK","og_type":"article","og_title":"Gurm\u00e1nske lah\u00f4dky na tanieri - uryrierov","og_description":"Objedn\u00e1vky na rozvoz na tel. 0903 022 933 RE\u0160TAUR\u00c1CIA U RYTIEROV,\u00a0zimn\u00fd \u0161tadi\u00f3n ZvolenObjedn\u00e1vky na rozvoz na tel. 0903 022 933 RE\u0160TAUR\u00c1CIA U RYTIEROV,\u00a0zimn\u00fd \u0161tadi\u00f3n Zvolen(421) 903 022 933kontakt@uryrierov.skPod Dr\u00e1hami 2292\/21, 960 01 Zvolen (Zimn\u00fd \u0161tadi\u00f3n Zvolen)Ponorte sa do sveta n\u00e1\u0161ho jedine\u010dn\u00e9ho gastronomick\u00e9ho umenia a nechajte sa un\u00e1\u0161a\u0165 chu\u0165ov\u00fdmi z\u00e1\u017eitkami, ktor\u00e9 pote\u0161ia v\u0161etky va\u0161e zmysly. Objednajte [&hellip;]","og_url":"https:\/\/www.urytierov.sk\/?page_id=8","og_site_name":"uryrierov","article_modified_time":"2024-07-26T16:13:50+00:00","twitter_card":"summary_large_image","schema":{"@context":"https:\/\/schema.org","@graph":[{"@type":"WebPage","@id":"https:\/\/www.urytierov.sk\/?page_id=8","url":"https:\/\/www.urytierov.sk\/?page_id=8","name":"Gurm\u00e1nske lah\u00f4dky na tanieri - uryrierov","isPartOf":{"@id":"https:\/\/www.urytierov.sk\/#website"},"datePublished":"2024-07-24T11:47:20+00:00","dateModified":"2024-07-26T16:13:50+00:00","breadcrumb":{"@id":"https:\/\/www.urytierov.sk\/?page_id=8#breadcrumb"},"inLanguage":"sk-SK","potentialAction":[{"@type":"ReadAction","target":["https:\/\/www.urytierov.sk\/?page_id=8"]}]},{"@type":"BreadcrumbList","@id":"https:\/\/www.urytierov.sk\/?page_id=8#breadcrumb","itemListElement":[{"@type":"ListItem","position":1,"name":"Home","item":"https:\/\/www.urytierov.sk\/"},{"@type":"ListItem","position":2,"name":"Gurm\u00e1nske lah\u00f4dky na tanieri"}]},{"@type":"WebSite","@id":"https:\/\/www.urytierov.sk\/#website","url":"https:\/\/www.urytierov.sk\/","name":"uryrierov","description":"Gurm\u00e1nske \u0161peciality","potentialAction":[{"@type":"SearchAction","target":{"@type":"EntryPoint","urlTemplate":"https:\/\/www.urytierov.sk\/?s={search_term_string}"},"query-input":"required name=search_term_string"}],"inLanguage":"sk-SK"}]}},"_links":{"self":[{"href":"https:\/\/www.urytierov.sk\/index.php?rest_route=\/wp\/v2\/pages\/8"}],"collection":[{"href":"https:\/\/www.urytierov.sk\/index.php?rest_route=\/wp\/v2\/pages"}],"about":[{"href":"https:\/\/www.urytierov.sk\/index.php?rest_route=\/wp\/v2\/types\/page"}],"author":[{"embeddable":true,"href":"https:\/\/www.urytierov.sk\/index.php?rest_route=\/wp\/v2\/users\/1"}],"replies":[{"embeddable":true,"href":"https:\/\/www.urytierov.sk\/index.php?rest_route=%2Fwp%2Fv2%2Fcomments&post=8"}],"version-history":[{"count":6,"href":"https:\/\/www.urytierov.sk\/index.php?rest_route=\/wp\/v2\/pages\/8\/revisions"}],"predecessor-version":[{"id":179,"href":"https:\/\/www.urytierov.sk\/index.php?rest_route=\/wp\/v2\/pages\/8\/revisions\/179"}],"wp:attachment":[{"href":"https:\/\/www.urytierov.sk\/index.php?rest_route=%2Fwp%2Fv2%2Fmedia&parent=8"}],"curies":[{"name":"wp","href":"https:\/\/api.w.org\/{rel}","templated":true}]}}